{"id":22773,"date":"2023-07-24T13:27:04","date_gmt":"2023-07-24T11:27:04","guid":{"rendered":"https:\/\/tartosautoberles.siteapp.hu\/?page_id=22773"},"modified":"2024-05-15T11:34:39","modified_gmt":"2024-05-15T09:34:39","slug":"karrier","status":"publish","type":"page","link":"https:\/\/tartosautoberles.siteapp.hu\/?page_id=22773","title":{"rendered":"Karrier"},"content":{"rendered":"\t\t<div data-elementor-type=\"wp-page\" data-elementor-id=\"22773\" class=\"elementor elementor-22773\" data-elementor-post-type=\"page\">\n\t\t\t\t\t\t<section data-particle_enable=\"false\" data-particle-mobile-disabled=\"false\" class=\"elementor-section elementor-top-section elementor-element elementor-element-8d720ef elementor-section-boxed elementor-section-height-default elementor-section-height-default\" data-id=\"8d720ef\" data-element_type=\"section\" data-e-type=\"section\">\n\t\t\t\t\t\t<div class=\"elementor-container elementor-column-gap-default\">\n\t\t\t\t\t<div class=\"elementor-column elementor-col-100 elementor-top-column elementor-element elementor-element-f9cf782\" data-id=\"f9cf782\" data-element_type=\"column\" data-e-type=\"column\">\n\t\t\t<div class=\"elementor-widget-wrap elementor-element-populated\">\n\t\t\t\t\t\t<div class=\"elementor-element elementor-element-c15eec6 elementor-widget elementor-widget-heading\" data-id=\"c15eec6\" data-element_type=\"widget\" data-e-type=\"widget\" data-widget_type=\"heading.default\">\n\t\t\t\t<div class=\"elementor-widget-container\">\n\t\t\t\t\t<h2 class=\"elementor-heading-title elementor-size-default\">Karrier<\/h2>\t\t\t\t<\/div>\n\t\t\t\t<\/div>\n\t\t\t\t<div class=\"elementor-element elementor-element-ecb209b elementor-widget elementor-widget-text-editor\" data-id=\"ecb209b\" data-element_type=\"widget\" data-e-type=\"widget\" data-widget_type=\"text-editor.default\">\n\t\t\t\t<div class=\"elementor-widget-container\">\n\t\t\t\t\t\t\t\t\t<div class=\"elementor-element elementor-element-b403f81 elementor-widget elementor-widget-text-editor is-mac\" data-id=\"b403f81\" data-element_type=\"widget\" data-widget_type=\"text-editor.default\"><div class=\"elementor-widget-container\"><p style=\"text-align: center;\">Nyitott poz\u00edci\u00f3ink:<\/p><\/div><\/div><h3 class=\"elementor-heading-title elementor-size-default\" style=\"text-align: center;\">\u00a0<\/h3>\t\t\t\t\t\t\t\t<\/div>\n\t\t\t\t<\/div>\n\t\t\t\t\t<\/div>\n\t\t<\/div>\n\t\t\t\t\t<\/div>\n\t\t<\/section>\n\t\t\t\t<section data-particle_enable=\"false\" data-particle-mobile-disabled=\"false\" class=\"elementor-section elementor-top-section elementor-element elementor-element-0f1f3a7 elementor-section-boxed elementor-section-height-default elementor-section-height-default\" data-id=\"0f1f3a7\" data-element_type=\"section\" data-e-type=\"section\">\n\t\t\t\t\t\t<div class=\"elementor-container elementor-column-gap-default\">\n\t\t\t\t\t<div class=\"elementor-column elementor-col-50 elementor-top-column elementor-element elementor-element-7c49d41\" data-id=\"7c49d41\" data-element_type=\"column\" data-e-type=\"column\">\n\t\t\t<div class=\"elementor-widget-wrap elementor-element-populated\">\n\t\t\t\t\t\t<div class=\"elementor-element elementor-element-e775bca elementor-align-center elementor-widget elementor-widget-button\" data-id=\"e775bca\" data-element_type=\"widget\" data-e-type=\"widget\" data-widget_type=\"button.default\">\n\t\t\t\t<div class=\"elementor-widget-container\">\n\t\t\t\t\t\t\t\t\t<div class=\"elementor-button-wrapper\">\n\t\t\t\t\t<a class=\"elementor-button elementor-button-link elementor-size-sm\" href=\"https:\/\/www.autoflotta.com\/karrier\/penzugyi-munkatars\/\" target=\"_blank\">\n\t\t\t\t\t\t<span class=\"elementor-button-content-wrapper\">\n\t\t\t\t\t\t\t\t\t<span class=\"elementor-button-text\">P\u00e9nz\u00fcgyi munkat\u00e1rs<\/span>\n\t\t\t\t\t<\/span>\n\t\t\t\t\t<\/a>\n\t\t\t\t<\/div>\n\t\t\t\t\t\t\t\t<\/div>\n\t\t\t\t<\/div>\n\t\t\t\t\t<\/div>\n\t\t<\/div>\n\t\t\t\t<div class=\"elementor-column elementor-col-50 elementor-top-column elementor-element elementor-element-bdbf212\" data-id=\"bdbf212\" data-element_type=\"column\" data-e-type=\"column\">\n\t\t\t<div class=\"elementor-widget-wrap elementor-element-populated\">\n\t\t\t\t\t\t<div class=\"elementor-element elementor-element-128a6d9 elementor-align-center elementor-widget elementor-widget-button\" data-id=\"128a6d9\" data-element_type=\"widget\" data-e-type=\"widget\" data-widget_type=\"button.default\">\n\t\t\t\t<div class=\"elementor-widget-container\">\n\t\t\t\t\t\t\t\t\t<div class=\"elementor-button-wrapper\">\n\t\t\t\t\t<a class=\"elementor-button elementor-button-link elementor-size-sm\" href=\"https:\/\/www.autoflotta.com\/karrier\/sales-support-advisor\/\" target=\"_blank\">\n\t\t\t\t\t\t<span class=\"elementor-button-content-wrapper\">\n\t\t\t\t\t\t\t\t\t<span class=\"elementor-button-text\">Sales support advisor<\/span>\n\t\t\t\t\t<\/span>\n\t\t\t\t\t<\/a>\n\t\t\t\t<\/div>\n\t\t\t\t\t\t\t\t<\/div>\n\t\t\t\t<\/div>\n\t\t\t\t\t<\/div>\n\t\t<\/div>\n\t\t\t\t\t<\/div>\n\t\t<\/section>\n\t\t\t\t<\/div>\n\t\t","protected":false},"excerpt":{"rendered":"<p>Karrier Nyitott poz\u00edci\u00f3ink: \u00a0 P\u00e9nz\u00fcgyi munkat\u00e1rs Sales support advisor<\/p>\n","protected":false},"author":1,"featured_media":0,"parent":0,"menu_order":0,"comment_status":"closed","ping_status":"closed","template":"","meta":{"footnotes":""},"class_list":["post-22773","page","type-page","status-publish","hentry"],"yoast_head":"<!-- This site is optimized with the Yoast SEO plugin v26.9 - https:\/\/yoast.com\/product\/yoast-seo-wordpress\/ -->\n<title>Karrier | Tart\u00f3s Aut\u00f3b\u00e9rl\u00e9s<\/title>\n<meta name=\"robots\" content=\"noindex, follow, max-snippet:-1, max-image-preview:large, max-video-preview:-1\" \/>\n<meta property=\"og:locale\" content=\"hu_HU\" \/>\n<meta property=\"og:type\" content=\"article\" \/>\n<meta property=\"og:title\" content=\"Karrier | Tart\u00f3s Aut\u00f3b\u00e9rl\u00e9s\" \/>\n<meta property=\"og:description\" content=\"Karrier Nyitott poz\u00edci\u00f3ink: \u00a0 P\u00e9nz\u00fcgyi munkat\u00e1rs Sales support advisor\" \/>\n<meta property=\"og:url\" content=\"https:\/\/tartosautoberles.siteapp.hu\/?page_id=22773\" \/>\n<meta property=\"og:site_name\" content=\"Tart\u00f3s Aut\u00f3b\u00e9rl\u00e9s\" \/>\n<meta property=\"article:modified_time\" content=\"2024-05-15T09:34:39+00:00\" \/>\n<meta property=\"og:image\" content=\"https:\/\/tartosautoberles.siteapp.hu\/wp-content\/uploads\/2022\/07\/tartosautoberles-img-1-1.jpg\" \/>\n\t<meta property=\"og:image:width\" content=\"1920\" \/>\n\t<meta property=\"og:image:height\" content=\"995\" \/>\n\t<meta property=\"og:image:type\" content=\"image\/jpeg\" \/>\n<meta name=\"twitter:card\" content=\"summary_large_image\" \/>\n<meta name=\"twitter:label1\" content=\"Becs\u00fclt olvas\u00e1si id\u0151\" \/>\n\t<meta name=\"twitter:data1\" content=\"1 perc\" \/>\n<script type=\"application\/ld+json\" class=\"yoast-schema-graph\">{\"@context\":\"https:\/\/schema.org\",\"@graph\":[{\"@type\":\"WebPage\",\"@id\":\"https:\/\/tartosautoberles.siteapp.hu\/?page_id=22773\",\"url\":\"https:\/\/tartosautoberles.siteapp.hu\/?page_id=22773\",\"name\":\"Karrier | Tart\u00f3s Aut\u00f3b\u00e9rl\u00e9s\",\"isPartOf\":{\"@id\":\"https:\/\/tartosautoberles.siteapp.hu\/#website\"},\"datePublished\":\"2023-07-24T11:27:04+00:00\",\"dateModified\":\"2024-05-15T09:34:39+00:00\",\"breadcrumb\":{\"@id\":\"https:\/\/tartosautoberles.siteapp.hu\/?page_id=22773#breadcrumb\"},\"inLanguage\":\"hu\",\"potentialAction\":[{\"@type\":\"ReadAction\",\"target\":[\"https:\/\/tartosautoberles.siteapp.hu\/?page_id=22773\"]}]},{\"@type\":\"BreadcrumbList\",\"@id\":\"https:\/\/tartosautoberles.siteapp.hu\/?page_id=22773#breadcrumb\",\"itemListElement\":[{\"@type\":\"ListItem\",\"position\":1,\"name\":\"Kezd\u0151lap\",\"item\":\"https:\/\/tartosautoberles.siteapp.hu\/\"},{\"@type\":\"ListItem\",\"position\":2,\"name\":\"Karrier\"}]},{\"@type\":\"WebSite\",\"@id\":\"https:\/\/tartosautoberles.siteapp.hu\/#website\",\"url\":\"https:\/\/tartosautoberles.siteapp.hu\/\",\"name\":\"Tart\u00f3s Aut\u00f3b\u00e9rl\u00e9s\",\"description\":\"Tart\u00f3s aut\u00f3b\u00e9rl\u00e9s kedvez\u0151 csomagaj\u00e1nlatokkal!\",\"publisher\":{\"@id\":\"https:\/\/tartosautoberles.siteapp.hu\/#organization\"},\"potentialAction\":[{\"@type\":\"SearchAction\",\"target\":{\"@type\":\"EntryPoint\",\"urlTemplate\":\"https:\/\/tartosautoberles.siteapp.hu\/?s={search_term_string}\"},\"query-input\":{\"@type\":\"PropertyValueSpecification\",\"valueRequired\":true,\"valueName\":\"search_term_string\"}}],\"inLanguage\":\"hu\"},{\"@type\":\"Organization\",\"@id\":\"https:\/\/tartosautoberles.siteapp.hu\/#organization\",\"name\":\"Tart\u00f3s Aut\u00f3b\u00e9rl\u00e9s\",\"url\":\"https:\/\/tartosautoberles.siteapp.hu\/\",\"logo\":{\"@type\":\"ImageObject\",\"inLanguage\":\"hu\",\"@id\":\"https:\/\/tartosautoberles.siteapp.hu\/#\/schema\/logo\/image\/\",\"url\":\"https:\/\/tartosautoberles.siteapp.hu\/wp-content\/uploads\/2022\/07\/tartosautoberles-logo-szines-1.png\",\"contentUrl\":\"https:\/\/tartosautoberles.siteapp.hu\/wp-content\/uploads\/2022\/07\/tartosautoberles-logo-szines-1.png\",\"width\":922,\"height\":199,\"caption\":\"Tart\u00f3s Aut\u00f3b\u00e9rl\u00e9s\"},\"image\":{\"@id\":\"https:\/\/tartosautoberles.siteapp.hu\/#\/schema\/logo\/image\/\"}}]}<\/script>\n<!-- \/ Yoast SEO plugin. -->","yoast_head_json":{"title":"Karrier | Tart\u00f3s Aut\u00f3b\u00e9rl\u00e9s","robots":{"index":"noindex","follow":"follow","max-snippet":"max-snippet:-1","max-image-preview":"max-image-preview:large","max-video-preview":"max-video-preview:-1"},"og_locale":"hu_HU","og_type":"article","og_title":"Karrier | Tart\u00f3s Aut\u00f3b\u00e9rl\u00e9s","og_description":"Karrier Nyitott poz\u00edci\u00f3ink: \u00a0 P\u00e9nz\u00fcgyi munkat\u00e1rs Sales support advisor","og_url":"https:\/\/tartosautoberles.siteapp.hu\/?page_id=22773","og_site_name":"Tart\u00f3s Aut\u00f3b\u00e9rl\u00e9s","article_modified_time":"2024-05-15T09:34:39+00:00","og_image":[{"width":1920,"height":995,"url":"https:\/\/tartosautoberles.siteapp.hu\/wp-content\/uploads\/2022\/07\/tartosautoberles-img-1-1.jpg","type":"image\/jpeg"}],"twitter_card":"summary_large_image","twitter_misc":{"Becs\u00fclt olvas\u00e1si id\u0151":"1 perc"},"schema":{"@context":"https:\/\/schema.org","@graph":[{"@type":"WebPage","@id":"https:\/\/tartosautoberles.siteapp.hu\/?page_id=22773","url":"https:\/\/tartosautoberles.siteapp.hu\/?page_id=22773","name":"Karrier | Tart\u00f3s Aut\u00f3b\u00e9rl\u00e9s","isPartOf":{"@id":"https:\/\/tartosautoberles.siteapp.hu\/#website"},"datePublished":"2023-07-24T11:27:04+00:00","dateModified":"2024-05-15T09:34:39+00:00","breadcrumb":{"@id":"https:\/\/tartosautoberles.siteapp.hu\/?page_id=22773#breadcrumb"},"inLanguage":"hu","potentialAction":[{"@type":"ReadAction","target":["https:\/\/tartosautoberles.siteapp.hu\/?page_id=22773"]}]},{"@type":"BreadcrumbList","@id":"https:\/\/tartosautoberles.siteapp.hu\/?page_id=22773#breadcrumb","itemListElement":[{"@type":"ListItem","position":1,"name":"Kezd\u0151lap","item":"https:\/\/tartosautoberles.siteapp.hu\/"},{"@type":"ListItem","position":2,"name":"Karrier"}]},{"@type":"WebSite","@id":"https:\/\/tartosautoberles.siteapp.hu\/#website","url":"https:\/\/tartosautoberles.siteapp.hu\/","name":"Tart\u00f3s Aut\u00f3b\u00e9rl\u00e9s","description":"Tart\u00f3s aut\u00f3b\u00e9rl\u00e9s kedvez\u0151 csomagaj\u00e1nlatokkal!","publisher":{"@id":"https:\/\/tartosautoberles.siteapp.hu\/#organization"},"potentialAction":[{"@type":"SearchAction","target":{"@type":"EntryPoint","urlTemplate":"https:\/\/tartosautoberles.siteapp.hu\/?s={search_term_string}"},"query-input":{"@type":"PropertyValueSpecification","valueRequired":true,"valueName":"search_term_string"}}],"inLanguage":"hu"},{"@type":"Organization","@id":"https:\/\/tartosautoberles.siteapp.hu\/#organization","name":"Tart\u00f3s Aut\u00f3b\u00e9rl\u00e9s","url":"https:\/\/tartosautoberles.siteapp.hu\/","logo":{"@type":"ImageObject","inLanguage":"hu","@id":"https:\/\/tartosautoberles.siteapp.hu\/#\/schema\/logo\/image\/","url":"https:\/\/tartosautoberles.siteapp.hu\/wp-content\/uploads\/2022\/07\/tartosautoberles-logo-szines-1.png","contentUrl":"https:\/\/tartosautoberles.siteapp.hu\/wp-content\/uploads\/2022\/07\/tartosautoberles-logo-szines-1.png","width":922,"height":199,"caption":"Tart\u00f3s Aut\u00f3b\u00e9rl\u00e9s"},"image":{"@id":"https:\/\/tartosautoberles.siteapp.hu\/#\/schema\/logo\/image\/"}}]}},"_links":{"self":[{"href":"https:\/\/tartosautoberles.siteapp.hu\/index.php?rest_route=\/wp\/v2\/pages\/22773","targetHints":{"allow":["GET"]}}],"collection":[{"href":"https:\/\/tartosautoberles.siteapp.hu\/index.php?rest_route=\/wp\/v2\/pages"}],"about":[{"href":"https:\/\/tartosautoberles.siteapp.hu\/index.php?rest_route=\/wp\/v2\/types\/page"}],"author":[{"embeddable":true,"href":"https:\/\/tartosautoberles.siteapp.hu\/index.php?rest_route=\/wp\/v2\/users\/1"}],"replies":[{"embeddable":true,"href":"https:\/\/tartosautoberles.siteapp.hu\/index.php?rest_route=%2Fwp%2Fv2%2Fcomments&post=22773"}],"version-history":[{"count":28,"href":"https:\/\/tartosautoberles.siteapp.hu\/index.php?rest_route=\/wp\/v2\/pages\/22773\/revisions"}],"predecessor-version":[{"id":23472,"href":"https:\/\/tartosautoberles.siteapp.hu\/index.php?rest_route=\/wp\/v2\/pages\/22773\/revisions\/23472"}],"wp:attachment":[{"href":"https:\/\/tartosautoberles.siteapp.hu\/index.php?rest_route=%2Fwp%2Fv2%2Fmedia&parent=22773"}],"curies":[{"name":"wp","href":"https:\/\/api.w.org\/{rel}","templated":true}]}}